{"id":811,"date":"2025-11-24T13:10:30","date_gmt":"2025-11-24T13:10:30","guid":{"rendered":"https:\/\/clevertaxneu.tpicustomer.de\/impressum\/"},"modified":"2025-12-01T10:44:02","modified_gmt":"2025-12-01T10:44:02","slug":"imprint","status":"publish","type":"page","link":"https:\/\/clever-tax.de\/en\/imprint\/","title":{"rendered":"Impressum"},"content":{"rendered":"\t\t<div data-elementor-type=\"wp-page\" data-elementor-id=\"811\" class=\"elementor elementor-811 elementor-197\" data-elementor-post-type=\"page\">\n\t\t\t\t<div class=\"elementor-element elementor-element-9a21313 e-flex e-con-boxed e-con e-parent\" data-id=\"9a21313\" data-element_type=\"container\" data-e-type=\"container\">\n\t\t\t\t\t<div class=\"e-con-inner\">\n\t\t\t\t<div class=\"elementor-element elementor-element-3694cbd elementor-widget elementor-widget-heading\" data-id=\"3694cbd\" data-element_type=\"widget\" data-e-type=\"widget\" data-widget_type=\"heading.default\">\n\t\t\t\t<div class=\"elementor-widget-container\">\n\t\t\t\t\t<h1 class=\"elementor-heading-title elementor-size-default\">Site Notice<\/h1>\t\t\t\t<\/div>\n\t\t\t\t<\/div>\n\t\t\t\t<div class=\"elementor-element elementor-element-933f2ab elementor-widget elementor-widget-text-editor\" data-id=\"933f2ab\" data-element_type=\"widget\" data-e-type=\"widget\" data-widget_type=\"text-editor.default\">\n\t\t\t\t<div class=\"elementor-widget-container\">\n\t\t\t\t\t\t\t\t\t<div class=\"elementor-element elementor-element-413bc80 elementor-widget elementor-widget-heading\" data-id=\"413bc80\" data-element_type=\"widget\" data-widget_type=\"heading.default\"><div class=\"elementor-widget-container\">\u00a0<\/div><\/div><div class=\"elementor-element elementor-element-c40dfe8 elementor-widget__width-initial elementor-widget elementor-widget-text-editor\" data-id=\"c40dfe8\" data-element_type=\"widget\" data-widget_type=\"text-editor.default\"><div class=\"elementor-widget-container\"><p><strong>Jan Dennis Zeren<\/strong><br \/><strong>Steuerberater<\/strong><br \/><strong>D\u00fcsselstra\u00dfe 13<\/strong><br \/><strong>40219 D\u00fcsseldorf<\/strong><\/p><h2>Contact<\/h2><p>Phone: +49 151 2021 0873<br \/>E-mail: info@clever-tax.de<\/p><h2>Job title and professional regulations<\/h2><p>Job title:<br \/>Steuerberater<\/p><p>Competent chamber:<br \/>Steuerberaterkammer D\u00fcsseldorf, Grafenberger Allee 98, 40237 D\u00fcsseldorf<\/p><p>Authorisation granted in:<br \/>Deutschland<\/p><p>Es gelten folgende berufsrechtliche Regelungen:<\/p><p>Steuerberatungsgesetz (StBerG)<br \/>available at:\u00a0<a href=\"http:\/\/www.bstbk.de\/\" target=\"_blank\" rel=\"noopener noreferrer\">http:\/\/www.bstbk.de\/<\/a><\/p><p>Durchf\u00fchrungsverordnung zum Steuerberatungsgesetz (DVStB)<br \/>available at:\u00a0<a href=\"http:\/\/www.bstbk.de\/\" target=\"_blank\" rel=\"noopener noreferrer\">http:\/\/www.bstbk.de\/<\/a><\/p><p>Berufsordnung f\u00fcr Steuerberater (BOStB)<br \/>available at:\u00a0<a href=\"http:\/\/www.bstbk.de\/\" target=\"_blank\" rel=\"noopener noreferrer\">http:\/\/www.bstbk.de\/<\/a><\/p><p>Steuerberatergeb\u00fchrenverordnung (StBGebV)<br \/>available at:\u00a0<a href=\"http:\/\/www.bstbk.de\/\" target=\"_blank\" rel=\"noopener noreferrer\">http:\/\/www.bstbk.de\/<\/a><\/p><p>Verm\u00f6gensschaden-Haftpflicht bei der mailo Versicherung AG, K\u00f6ln<br \/>available at:\u00a0<a href=\"http:\/\/www.bstbk.de\/\" target=\"_blank\" rel=\"noopener noreferrer\">http:\/\/www.bstbk.de\/<\/a><\/p><h2>Dispute resolution proceedings in front of a consumer arbitration board<\/h2><p>We are not willing or obliged to participate in dispute resolution proceedings in front of a consumer arbitration board.<\/p><h2>Image credits<\/h2><p><a href=\"https:\/\/unsplash.com\/de\" target=\"_blank\" rel=\"noopener\">Unsplash<\/a><\/p><h2 class=\"p1\">Website development<b><\/b><\/h2><p class=\"p1\">tpi Media GmbH\u00ae |\u00a0<a href=\"https:\/\/www.webdesignagentur.de\/\" target=\"_blank\" rel=\"noopener\">Webdesign Agentur<\/a>\u00a0&amp;\u00a0<a href=\"https:\/\/www.onlinemarketingagentur.de\/\" target=\"_blank\" rel=\"noopener\">Marketing Agentur<\/a>\u00a0I\u00a0<a href=\"mailto:info@tpi.de\">info(at)<\/a><a href=\"http:\/\/tpi.de\/\" target=\"_blank\" rel=\"noopener\">tpi.de<\/a>\u00a0I\u00a0<a href=\"tel:030%20\/%20629%2033%2092%2090\">030 \/ 629 33 92 90<\/a><\/p><\/div><\/div>\t\t\t\t\t\t\t\t<\/div>\n\t\t\t\t<\/div>\n\t\t\t\t\t<\/div>\n\t\t\t\t<\/div>\n\t\t\t\t<\/div>\n\t\t","protected":false},"excerpt":{"rendered":"<p>Site Notice \u00a0 Jan Dennis ZerenSteuerberaterD\u00fcsselstra\u00dfe 1340219 D\u00fcsseldorf Contact Phone: +49 151 2021 0873E-mail: info@clever-tax.de Job title and professional regulations Job title:Steuerberater Competent chamber:Steuerberaterkammer D\u00fcsseldorf, Grafenberger Allee 98, 40237 D\u00fcsseldorf Authorisation granted in:Deutschland Es gelten folgende berufsrechtliche Regelungen: Steuerberatungsgesetz (StBerG)available at:\u00a0http:\/\/www.bstbk.de\/ Durchf\u00fchrungsverordnung zum Steuerberatungsgesetz (DVStB)available at:\u00a0http:\/\/www.bstbk.de\/ Berufsordnung f\u00fcr Steuerberater (BOStB)available at:\u00a0http:\/\/www.bstbk.de\/ Steuerberatergeb\u00fchrenverordnung (StBGebV)available at:\u00a0http:\/\/www.bstbk.de\/ Verm\u00f6gensschaden-Haftpflicht [&hellip;]<\/p>\n","protected":false},"author":1,"featured_media":0,"parent":0,"menu_order":0,"comment_status":"closed","ping_status":"closed","template":"elementor_header_footer","meta":{"footnotes":""},"class_list":["post-811","page","type-page","status-publish","hentry"],"_links":{"self":[{"href":"https:\/\/clever-tax.de\/en\/wp-json\/wp\/v2\/pages\/811","targetHints":{"allow":["GET"]}}],"collection":[{"href":"https:\/\/clever-tax.de\/en\/wp-json\/wp\/v2\/pages"}],"about":[{"href":"https:\/\/clever-tax.de\/en\/wp-json\/wp\/v2\/types\/page"}],"author":[{"embeddable":true,"href":"https:\/\/clever-tax.de\/en\/wp-json\/wp\/v2\/users\/1"}],"replies":[{"embeddable":true,"href":"https:\/\/clever-tax.de\/en\/wp-json\/wp\/v2\/comments?post=811"}],"version-history":[{"count":0,"href":"https:\/\/clever-tax.de\/en\/wp-json\/wp\/v2\/pages\/811\/revisions"}],"wp:attachment":[{"href":"https:\/\/clever-tax.de\/en\/wp-json\/wp\/v2\/media?parent=811"}],"curies":[{"name":"wp","href":"https:\/\/api.w.org\/{rel}","templated":true}]}}